{"id":2180,"date":"2018-02-23T11:07:06","date_gmt":"2018-02-23T10:07:06","guid":{"rendered":"http:\/\/www.molonmachinery.com\/produits\/"},"modified":"2018-02-26T11:27:18","modified_gmt":"2018-02-26T10:27:18","slug":"produits","status":"publish","type":"page","link":"https:\/\/www.molonmachinery.com\/fr\/produits\/","title":{"rendered":"Produits"},"content":{"rendered":"\t\t<div data-elementor-type=\"wp-post\" data-elementor-id=\"2180\" class=\"elementor elementor-2180 elementor-343 elementor-bc-flex-widget\" data-elementor-post-type=\"page\">\n\t\t\t\t\t\t<section class=\"elementor-section elementor-top-section elementor-element elementor-element-6407dc0e elementor-section-full_width elementor-section-content-middle elementor-section-height-default elementor-section-height-default\" data-id=\"6407dc0e\" data-element_type=\"section\" data-e-type=\"section\">\n\t\t\t\t\t\t<div class=\"elementor-container elementor-column-gap-no\">\n\t\t\t\t\t<div class=\"elementor-column elementor-col-33 elementor-top-column elementor-element elementor-element-10b6d3d2\" data-id=\"10b6d3d2\" data-element_type=\"column\" data-e-type=\"column\" data-settings=\"{&quot;background_background&quot;:&quot;classic&quot;}\">\n\t\t\t<div class=\"elementor-widget-wrap elementor-element-populated\">\n\t\t\t\t\t\t<div class=\"elementor-element elementor-element-3a6e6d0 elementor-invisible elementor-widget elementor-widget-image\" data-id=\"3a6e6d0\" data-element_type=\"widget\" data-e-type=\"widget\" data-settings=\"{&quot;_animation&quot;:&quot;fadeInLeft&quot;}\" data-widget_type=\"image.default\">\n\t\t\t\t<div class=\"elementor-widget-container\">\n\t\t\t\t\t\t\t\t\t\t\t\t<figure class=\"wp-caption\">\n\t\t\t\t\t\t\t\t\t\t\t<a href=\"\/?page_id=189\">\n\t\t\t\t\t\t\t<img fetchpriority=\"high\" decoding=\"async\" width=\"1024\" height=\"765\" src=\"https:\/\/www.molonmachinery.com\/files\/2018\/01\/superscudi_sfo-2-1024x765.jpg\" class=\"attachment-large size-large wp-image-1176\" alt=\"\" srcset=\"https:\/\/www.molonmachinery.com\/files\/2018\/01\/superscudi_sfo-2-1024x765.jpg 1024w, https:\/\/www.molonmachinery.com\/files\/2018\/01\/superscudi_sfo-2-300x224.jpg 300w, https:\/\/www.molonmachinery.com\/files\/2018\/01\/superscudi_sfo-2-768x574.jpg 768w, https:\/\/www.molonmachinery.com\/files\/2018\/01\/superscudi_sfo-2.jpg 1801w\" sizes=\"(max-width: 1024px) 100vw, 1024px\" \/>\t\t\t\t\t\t\t\t<\/a>\n\t\t\t\t\t\t\t\t\t\t\t<figcaption class=\"widget-image-caption wp-caption-text\">r\u00e2teaux andaineurs frontales pour tracteurs<\/figcaption>\n\t\t\t\t\t\t\t\t\t\t<\/figure>\n\t\t\t\t\t\t\t\t\t<\/div>\n\t\t\t\t<\/div>\n\t\t\t\t\t<\/div>\n\t\t<\/div>\n\t\t\t\t<div class=\"elementor-column elementor-col-33 elementor-top-column elementor-element elementor-element-494bdf08\" data-id=\"494bdf08\" data-element_type=\"column\" data-e-type=\"column\" data-settings=\"{&quot;background_background&quot;:&quot;classic&quot;}\">\n\t\t\t<div class=\"elementor-widget-wrap elementor-element-populated\">\n\t\t\t\t\t\t<div class=\"elementor-element elementor-element-358143b3 elementor-invisible elementor-widget elementor-widget-image\" data-id=\"358143b3\" data-element_type=\"widget\" data-e-type=\"widget\" data-settings=\"{&quot;_animation&quot;:&quot;fadeInDown&quot;}\" data-widget_type=\"image.default\">\n\t\t\t\t<div class=\"elementor-widget-container\">\n\t\t\t\t\t\t\t\t\t\t\t\t<figure class=\"wp-caption\">\n\t\t\t\t\t\t\t\t\t\t\t<a href=\"\/?page_id=510\">\n\t\t\t\t\t\t\t<img decoding=\"async\" width=\"1024\" height=\"768\" src=\"https:\/\/www.molonmachinery.com\/files\/2018\/01\/RANGHINATORE-POST_sf-1-1024x768.gif\" class=\"attachment-large size-large wp-image-1170\" alt=\"\" srcset=\"https:\/\/www.molonmachinery.com\/files\/2018\/01\/RANGHINATORE-POST_sf-1-1024x768.gif 1024w, https:\/\/www.molonmachinery.com\/files\/2018\/01\/RANGHINATORE-POST_sf-1-300x225.gif 300w, https:\/\/www.molonmachinery.com\/files\/2018\/01\/RANGHINATORE-POST_sf-1-768x576.gif 768w\" sizes=\"(max-width: 1024px) 100vw, 1024px\" \/>\t\t\t\t\t\t\t\t<\/a>\n\t\t\t\t\t\t\t\t\t\t\t<figcaption class=\"widget-image-caption wp-caption-text\">r\u00e2teaux andaineurs post\u00e9rieurs pour tracteurs<\/figcaption>\n\t\t\t\t\t\t\t\t\t\t<\/figure>\n\t\t\t\t\t\t\t\t\t<\/div>\n\t\t\t\t<\/div>\n\t\t\t\t\t<\/div>\n\t\t<\/div>\n\t\t\t\t<div class=\"elementor-column elementor-col-33 elementor-top-column elementor-element elementor-element-5bd06a9b\" data-id=\"5bd06a9b\" data-element_type=\"column\" data-e-type=\"column\" data-settings=\"{&quot;background_background&quot;:&quot;classic&quot;}\">\n\t\t\t<div class=\"elementor-widget-wrap elementor-element-populated\">\n\t\t\t\t\t\t<div class=\"elementor-element elementor-element-8ac5625 elementor-invisible elementor-widget elementor-widget-image\" data-id=\"8ac5625\" data-element_type=\"widget\" data-e-type=\"widget\" data-settings=\"{&quot;_animation&quot;:&quot;fadeInRight&quot;}\" data-widget_type=\"image.default\">\n\t\t\t\t<div class=\"elementor-widget-container\">\n\t\t\t\t\t\t\t\t\t\t\t\t<figure class=\"wp-caption\">\n\t\t\t\t\t\t\t\t\t\t\t<a href=\"\/?page_id=634\">\n\t\t\t\t\t\t\t<img decoding=\"async\" width=\"1024\" height=\"793\" src=\"https:\/\/www.molonmachinery.com\/files\/2018\/01\/MAJOR_sf-1024x793.jpg\" class=\"attachment-large size-large wp-image-1159\" alt=\"\" srcset=\"https:\/\/www.molonmachinery.com\/files\/2018\/01\/MAJOR_sf-1024x793.jpg 1024w, https:\/\/www.molonmachinery.com\/files\/2018\/01\/MAJOR_sf-300x232.jpg 300w, https:\/\/www.molonmachinery.com\/files\/2018\/01\/MAJOR_sf-768x595.jpg 768w, https:\/\/www.molonmachinery.com\/files\/2018\/01\/MAJOR_sf.jpg 1561w\" sizes=\"(max-width: 1024px) 100vw, 1024px\" \/>\t\t\t\t\t\t\t\t<\/a>\n\t\t\t\t\t\t\t\t\t\t\t<figcaption class=\"widget-image-caption wp-caption-text\">r\u00e2teaux andaineurs pour motofaucheuses et motoculteurs<\/figcaption>\n\t\t\t\t\t\t\t\t\t\t<\/figure>\n\t\t\t\t\t\t\t\t\t<\/div>\n\t\t\t\t<\/div>\n\t\t\t\t\t<\/div>\n\t\t<\/div>\n\t\t\t\t\t<\/div>\n\t\t<\/section>\n\t\t\t\t<section class=\"elementor-section elementor-top-section elementor-element elementor-element-2a0e3e2 elementor-section-full_width elementor-section-content-middle elementor-reverse-mobile elementor-section-height-default elementor-section-height-default\" data-id=\"2a0e3e2\" data-element_type=\"section\" data-e-type=\"section\">\n\t\t\t\t\t\t<div class=\"elementor-container elementor-column-gap-no\">\n\t\t\t\t\t<div class=\"elementor-column elementor-col-33 elementor-top-column elementor-element elementor-element-213ee5db\" data-id=\"213ee5db\" data-element_type=\"column\" data-e-type=\"column\" data-settings=\"{&quot;background_background&quot;:&quot;classic&quot;}\">\n\t\t\t<div class=\"elementor-widget-wrap elementor-element-populated\">\n\t\t\t\t\t\t<div class=\"elementor-element elementor-element-3754de16 elementor-invisible elementor-widget elementor-widget-image\" data-id=\"3754de16\" data-element_type=\"widget\" data-e-type=\"widget\" data-settings=\"{&quot;_animation&quot;:&quot;fadeInLeft&quot;}\" data-widget_type=\"image.default\">\n\t\t\t\t<div class=\"elementor-widget-container\">\n\t\t\t\t\t\t\t\t\t\t\t\t<figure class=\"wp-caption\">\n\t\t\t\t\t\t\t\t\t\t\t<a href=\"https:\/\/www.molonmachinery.com\/fr\/faneuses-a-toupies\/\">\n\t\t\t\t\t\t\t<img loading=\"lazy\" decoding=\"async\" width=\"1024\" height=\"768\" src=\"https:\/\/www.molonmachinery.com\/files\/2018\/01\/Girello-250_sfo-1024x768.jpg\" class=\"attachment-large size-large wp-image-1181\" alt=\"\" srcset=\"https:\/\/www.molonmachinery.com\/files\/2018\/01\/Girello-250_sfo-1024x768.jpg 1024w, https:\/\/www.molonmachinery.com\/files\/2018\/01\/Girello-250_sfo-300x225.jpg 300w, https:\/\/www.molonmachinery.com\/files\/2018\/01\/Girello-250_sfo-768x576.jpg 768w, https:\/\/www.molonmachinery.com\/files\/2018\/01\/Girello-250_sfo.jpg 2048w\" sizes=\"(max-width: 1024px) 100vw, 1024px\" \/>\t\t\t\t\t\t\t\t<\/a>\n\t\t\t\t\t\t\t\t\t\t\t<figcaption class=\"widget-image-caption wp-caption-text\">faneuses \u00e0 toupies<\/figcaption>\n\t\t\t\t\t\t\t\t\t\t<\/figure>\n\t\t\t\t\t\t\t\t\t<\/div>\n\t\t\t\t<\/div>\n\t\t\t\t\t<\/div>\n\t\t<\/div>\n\t\t\t\t<div class=\"elementor-column elementor-col-33 elementor-top-column elementor-element elementor-element-571bbc86\" data-id=\"571bbc86\" data-element_type=\"column\" data-e-type=\"column\" data-settings=\"{&quot;background_background&quot;:&quot;classic&quot;}\">\n\t\t\t<div class=\"elementor-widget-wrap elementor-element-populated\">\n\t\t\t\t\t\t<div class=\"elementor-element elementor-element-fbfd096 elementor-invisible elementor-widget elementor-widget-image\" data-id=\"fbfd096\" data-element_type=\"widget\" data-e-type=\"widget\" data-settings=\"{&quot;_animation&quot;:&quot;fadeInDown&quot;}\" data-widget_type=\"image.default\">\n\t\t\t\t<div class=\"elementor-widget-container\">\n\t\t\t\t\t\t\t\t\t\t\t\t<figure class=\"wp-caption\">\n\t\t\t\t\t\t\t\t\t\t\t<a href=\"\/?page_id=785\">\n\t\t\t\t\t\t\t<img loading=\"lazy\" decoding=\"async\" width=\"1024\" height=\"768\" src=\"https:\/\/www.molonmachinery.com\/files\/2018\/01\/SCOPA-lamiera_sfo-1024x768.jpg\" class=\"attachment-large size-large wp-image-1191\" alt=\"\" srcset=\"https:\/\/www.molonmachinery.com\/files\/2018\/01\/SCOPA-lamiera_sfo-1024x768.jpg 1024w, https:\/\/www.molonmachinery.com\/files\/2018\/01\/SCOPA-lamiera_sfo-300x225.jpg 300w, https:\/\/www.molonmachinery.com\/files\/2018\/01\/SCOPA-lamiera_sfo-768x576.jpg 768w, https:\/\/www.molonmachinery.com\/files\/2018\/01\/SCOPA-lamiera_sfo.jpg 2048w\" sizes=\"(max-width: 1024px) 100vw, 1024px\" \/>\t\t\t\t\t\t\t\t<\/a>\n\t\t\t\t\t\t\t\t\t\t\t<figcaption class=\"widget-image-caption wp-caption-text\">balayeuses pour tracteurs<\/figcaption>\n\t\t\t\t\t\t\t\t\t\t<\/figure>\n\t\t\t\t\t\t\t\t\t<\/div>\n\t\t\t\t<\/div>\n\t\t\t\t\t<\/div>\n\t\t<\/div>\n\t\t\t\t<div class=\"elementor-column elementor-col-33 elementor-top-column elementor-element elementor-element-2440acd3\" data-id=\"2440acd3\" data-element_type=\"column\" data-e-type=\"column\" data-settings=\"{&quot;background_background&quot;:&quot;classic&quot;}\">\n\t\t\t<div class=\"elementor-widget-wrap elementor-element-populated\">\n\t\t\t\t\t\t<div class=\"elementor-element elementor-element-3c5c72a9 elementor-invisible elementor-widget elementor-widget-image\" data-id=\"3c5c72a9\" data-element_type=\"widget\" data-e-type=\"widget\" data-settings=\"{&quot;_animation&quot;:&quot;fadeInRight&quot;}\" data-widget_type=\"image.default\">\n\t\t\t\t<div class=\"elementor-widget-container\">\n\t\t\t\t\t\t\t\t\t\t\t\t<figure class=\"wp-caption\">\n\t\t\t\t\t\t\t\t\t\t<img loading=\"lazy\" decoding=\"async\" width=\"1024\" height=\"724\" src=\"https:\/\/www.molonmachinery.com\/files\/2018\/01\/esploso-1024x724.jpg\" class=\"attachment-large size-large wp-image-1204\" alt=\"\" srcset=\"https:\/\/www.molonmachinery.com\/files\/2018\/01\/esploso-1024x724.jpg 1024w, https:\/\/www.molonmachinery.com\/files\/2018\/01\/esploso-300x212.jpg 300w, https:\/\/www.molonmachinery.com\/files\/2018\/01\/esploso-768x543.jpg 768w\" sizes=\"(max-width: 1024px) 100vw, 1024px\" \/>\t\t\t\t\t\t\t\t\t\t\t<figcaption class=\"widget-image-caption wp-caption-text\">pi\u00e8ces de rechange<\/figcaption>\n\t\t\t\t\t\t\t\t\t\t<\/figure>\n\t\t\t\t\t\t\t\t\t<\/div>\n\t\t\t\t<\/div>\n\t\t\t\t\t<\/div>\n\t\t<\/div>\n\t\t\t\t\t<\/div>\n\t\t<\/section>\n\t\t\t\t<\/div>\n\t\t","protected":false},"excerpt":{"rendered":"<p>r\u00e2teaux andaineurs frontales pour tracteurs r\u00e2teaux andaineurs post\u00e9rieurs pour tracteurs r\u00e2teaux andaineurs pour motofaucheuses et motoculteurs faneuses \u00e0 toupies balayeuses pour tracteurs pi\u00e8ces de rechange<\/p>\n","protected":false},"author":52,"featured_media":0,"parent":0,"menu_order":0,"comment_status":"closed","ping_status":"closed","template":"","meta":{"generate_page_header":"","footnotes":""},"class_list":["post-2180","page","type-page","status-publish"],"_links":{"self":[{"href":"https:\/\/www.molonmachinery.com\/fr\/wp-json\/wp\/v2\/pages\/2180","targetHints":{"allow":["GET"]}}],"collection":[{"href":"https:\/\/www.molonmachinery.com\/fr\/wp-json\/wp\/v2\/pages"}],"about":[{"href":"https:\/\/www.molonmachinery.com\/fr\/wp-json\/wp\/v2\/types\/page"}],"author":[{"embeddable":true,"href":"https:\/\/www.molonmachinery.com\/fr\/wp-json\/wp\/v2\/users\/52"}],"replies":[{"embeddable":true,"href":"https:\/\/www.molonmachinery.com\/fr\/wp-json\/wp\/v2\/comments?post=2180"}],"version-history":[{"count":0,"href":"https:\/\/www.molonmachinery.com\/fr\/wp-json\/wp\/v2\/pages\/2180\/revisions"}],"wp:attachment":[{"href":"https:\/\/www.molonmachinery.com\/fr\/wp-json\/wp\/v2\/media?parent=2180"}],"curies":[{"name":"wp","href":"https:\/\/api.w.org\/{rel}","templated":true}]}}