{"id":1423,"date":"2018-01-12T14:12:53","date_gmt":"2018-01-12T13:12:53","guid":{"rendered":"http:\/\/www.molonmachinery.com\/entreprise\/"},"modified":"2025-01-30T08:41:55","modified_gmt":"2025-01-30T07:41:55","slug":"entreprise","status":"publish","type":"page","link":"https:\/\/www.molonmachinery.com\/fr\/entreprise\/","title":{"rendered":"Entreprise"},"content":{"rendered":"\t\t<div data-elementor-type=\"wp-post\" data-elementor-id=\"1423\" class=\"elementor elementor-1423 elementor-87\" data-elementor-post-type=\"page\">\n\t\t\t\t\t\t<section class=\"elementor-section elementor-top-section elementor-element elementor-element-vlcyejc elementor-section-full_width elementor-section-height-default elementor-section-height-default\" data-id=\"vlcyejc\" data-element_type=\"section\" data-e-type=\"section\">\n\t\t\t\t\t\t<div class=\"elementor-container elementor-column-gap-default\">\n\t\t\t\t\t<div class=\"elementor-column elementor-col-100 elementor-top-column elementor-element elementor-element-wrytsog\" data-id=\"wrytsog\" data-element_type=\"column\" data-e-type=\"column\">\n\t\t\t<div class=\"elementor-widget-wrap elementor-element-populated\">\n\t\t\t\t\t\t<div class=\"elementor-element elementor-element-xumbium elementor-widget elementor-widget-text-editor\" data-id=\"xumbium\" data-element_type=\"widget\" data-e-type=\"widget\" data-widget_type=\"text-editor.default\">\n\t\t\t\t<div class=\"elementor-widget-container\">\n\t\t\t\t\t\t\t\t\t<p><strong>Molon Giovanni Snc est une entreprise en V\u00e9n\u00e9tie (nord-est d&rsquo;Italie) qui produit machines agricoles depuis plus de cinquante ans.<\/strong><\/p><p><strong>BREVE HISTOIRE<\/strong><br \/>En 1936 <strong>Giovanni Molon<\/strong>, fondateur de l\u2019entreprise, a commenc\u00e9 son activit\u00e9 de forgeron et il s\u2019est occup\u00e9 aussi de la r\u00e9paration des machines agricoles.<br \/>Fort de l\u2019exp\u00e9rience qu\u2019il a acquis, il a d\u00e9cid\u00e9 de construire lui-m\u00eame des machines pour la fenaison et en 1952 il a produit les premiers r\u00e2teaux \u00e0 traction animale.<br \/>Depuis lors des nouveaux mod\u00e8les se sont suivis dans le temps.<br \/>En 1961 ont \u00e9t\u00e9 construits les vire-andains \u00e0 fourches encore \u00e0 traction animale.<br \/>Avec les progr\u00e8s de la m\u00e9canisation agricole il fallait transformer les machines et les adapter \u00e0 la traction m\u00e9canique.<br \/>Ainsi, en 1967, les premiers r\u00e2teaux andaineurs \u00e0 courroies sortaient de la fabrique, d\u2019abord pour l\u2019application aux motofaucheuses et puis pour les tracteurs.<br \/>Ensuite les faneuses \u00e0 toupies ont \u00e9t\u00e9 produites avec les originales applications aux motofaucheuses pour la montagne.<br \/>Afin de r\u00e9pondre aux exigences particuli\u00e8res de certains secteurs agricoles et zootechniques, la production s\u2019est enrichie des balayeuses qui ont la m\u00eame structure des r\u00e2teaux andaineurs et qui sont utilis\u00e9es pour nettoyer et pour ramasser les noisettes, les olives, etc.<\/p><p>\u00a0<\/p>\t\t\t\t\t\t\t\t<\/div>\n\t\t\t\t<\/div>\n\t\t\t\t<div class=\"elementor-element elementor-element-1mxey7a elementor-arrows-position-inside elementor-pagination-position-outside elementor-widget elementor-widget-image-carousel\" data-id=\"1mxey7a\" data-element_type=\"widget\" data-e-type=\"widget\" data-settings=\"{&quot;navigation&quot;:&quot;both&quot;,&quot;autoplay&quot;:&quot;yes&quot;,&quot;pause_on_hover&quot;:&quot;yes&quot;,&quot;pause_on_interaction&quot;:&quot;yes&quot;,&quot;autoplay_speed&quot;:5000,&quot;infinite&quot;:&quot;yes&quot;,&quot;speed&quot;:500}\" data-widget_type=\"image-carousel.default\">\n\t\t\t\t<div class=\"elementor-widget-container\">\n\t\t\t\t\t\t\t<div class=\"elementor-image-carousel-wrapper swiper\" role=\"region\" aria-roledescription=\"carousel\" aria-label=\"Image Carousel\" dir=\"ltr\">\n\t\t\t<div class=\"elementor-image-carousel swiper-wrapper\" aria-live=\"off\">\n\t\t\t\t\t\t\t\t<div class=\"swiper-slide\" role=\"group\" aria-roledescription=\"slide\" aria-label=\"1 sur 8\"><a data-elementor-open-lightbox=\"yes\" data-elementor-lightbox-slideshow=\"1mxey7a\" data-elementor-lightbox-title=\"voltafieno forche\" data-e-action-hash=\"#elementor-action%3Aaction%3Dlightbox%26settings%3DeyJpZCI6MzY3NywidXJsIjoiaHR0cHM6XC9cL3d3dy5tb2xvbm1hY2hpbmVyeS5jb21cL2ZpbGVzXC8yMDE3XC8xMFwvZm90bzUtZTE1MTM4NTA4NDI3NjguanBnIiwic2xpZGVzaG93IjoiMW14ZXk3YSJ9\" href=\"https:\/\/www.molonmachinery.com\/files\/2017\/10\/foto5-e1513850842768.jpg\"><figure class=\"swiper-slide-inner\"><img decoding=\"async\" class=\"swiper-slide-image\" src=\"https:\/\/www.molonmachinery.com\/files\/elementor\/thumbs\/foto5-e1513850842768-nj6zw2n424ljowiroktx2m3cxhgt81az9bvketjdhc.jpg\" alt=\"voltafieno forche\" \/><\/figure><\/a><\/div><div class=\"swiper-slide\" role=\"group\" aria-roledescription=\"slide\" aria-label=\"2 sur 8\"><a data-elementor-open-lightbox=\"yes\" data-elementor-lightbox-slideshow=\"1mxey7a\" data-elementor-lightbox-title=\"rastrello\" data-e-action-hash=\"#elementor-action%3Aaction%3Dlightbox%26settings%3DeyJpZCI6MzY3NiwidXJsIjoiaHR0cHM6XC9cL3d3dy5tb2xvbm1hY2hpbmVyeS5jb21cL2ZpbGVzXC8yMDE3XC8xMFwvZm90bzQuanBnIiwic2xpZGVzaG93IjoiMW14ZXk3YSJ9\" href=\"https:\/\/www.molonmachinery.com\/files\/2017\/10\/foto4.jpg\"><figure class=\"swiper-slide-inner\"><img decoding=\"async\" class=\"swiper-slide-image\" src=\"https:\/\/www.molonmachinery.com\/files\/elementor\/thumbs\/foto4-ng58854m53h7530arfvbawtmpkk4km8nc1o5j5r7k0.jpg\" alt=\"rastrello\" \/><\/figure><\/a><\/div><div class=\"swiper-slide\" role=\"group\" aria-roledescription=\"slide\" aria-label=\"3 sur 8\"><a data-elementor-open-lightbox=\"yes\" data-elementor-lightbox-slideshow=\"1mxey7a\" data-elementor-lightbox-title=\"ranghinatore trattore\" data-e-action-hash=\"#elementor-action%3Aaction%3Dlightbox%26settings%3DeyJpZCI6MzY3OCwidXJsIjoiaHR0cHM6XC9cL3d3dy5tb2xvbm1hY2hpbmVyeS5jb21cL2ZpbGVzXC8yMDE3XC8xMFwvZm90bzYtY29waWEuanBnIiwic2xpZGVzaG93IjoiMW14ZXk3YSJ9\" href=\"https:\/\/www.molonmachinery.com\/files\/2017\/10\/foto6-copia.jpg\"><figure class=\"swiper-slide-inner\"><img decoding=\"async\" class=\"swiper-slide-image\" src=\"https:\/\/www.molonmachinery.com\/files\/elementor\/thumbs\/foto6-copia-ng588arna3ox2qs3uib2pvee9vsbusv1ctl2etiuio.jpg\" alt=\"ranghinatore trattore\" \/><\/figure><\/a><\/div><div class=\"swiper-slide\" role=\"group\" aria-roledescription=\"slide\" aria-label=\"4 sur 8\"><a data-elementor-open-lightbox=\"yes\" data-elementor-lightbox-slideshow=\"1mxey7a\" data-elementor-lightbox-title=\"boy_gr\" data-e-action-hash=\"#elementor-action%3Aaction%3Dlightbox%26settings%3DeyJpZCI6IjIzNCIsInVybCI6Imh0dHBzOlwvXC93d3cubW9sb25tYWNoaW5lcnkuY29tXC9maWxlc1wvMjAxN1wvMTBcL2JveV9nci5qcGciLCJzbGlkZXNob3ciOiIxbXhleTdhIn0%3D\" href=\"https:\/\/www.molonmachinery.com\/files\/2017\/10\/boy_gr.jpg\"><figure class=\"swiper-slide-inner\"><img decoding=\"async\" class=\"swiper-slide-image\" src=\"https:\/\/www.molonmachinery.com\/files\/elementor\/thumbs\/boy_gr-ngdyb3d9e1uagj143xkpyn427u1ayo1vw9avv4treo.jpg\" alt=\"boy_gr\" \/><\/figure><\/a><\/div><div class=\"swiper-slide\" role=\"group\" aria-roledescription=\"slide\" aria-label=\"5 sur 8\"><a data-elementor-open-lightbox=\"yes\" data-elementor-lightbox-slideshow=\"1mxey7a\" data-elementor-lightbox-title=\"girello spandivoltafieno\" data-e-action-hash=\"#elementor-action%3Aaction%3Dlightbox%26settings%3DeyJpZCI6MzY3MywidXJsIjoiaHR0cHM6XC9cL3d3dy5tb2xvbm1hY2hpbmVyeS5jb21cL2ZpbGVzXC8yMDE3XC8xMFwvMjAxNzAyMjQxMTAwXzAwMDEuanBnIiwic2xpZGVzaG93IjoiMW14ZXk3YSJ9\" href=\"https:\/\/www.molonmachinery.com\/files\/2017\/10\/201702241100_0001.jpg\"><figure class=\"swiper-slide-inner\"><img decoding=\"async\" class=\"swiper-slide-image\" src=\"https:\/\/www.molonmachinery.com\/files\/elementor\/thumbs\/201702241100_0001-ng587mbucergovrlt7qrx1ketv4sao60lgmfxmj30g.jpg\" alt=\"girello spandivoltafieno\" \/><\/figure><\/a><\/div><div class=\"swiper-slide\" role=\"group\" aria-roledescription=\"slide\" aria-label=\"6 sur 8\"><a data-elementor-open-lightbox=\"yes\" data-elementor-lightbox-slideshow=\"1mxey7a\" data-elementor-lightbox-title=\"mini\" data-e-action-hash=\"#elementor-action%3Aaction%3Dlightbox%26settings%3DeyJpZCI6MzY3OSwidXJsIjoiaHR0cHM6XC9cL3d3dy5tb2xvbm1hY2hpbmVyeS5jb21cL2ZpbGVzXC8yMDE3XC8xMFwvZm90bzctY29waWEtZTE1MTM4NTA3NzcyMTQuanBnIiwic2xpZGVzaG93IjoiMW14ZXk3YSJ9\" href=\"https:\/\/www.molonmachinery.com\/files\/2017\/10\/foto7-copia-e1513850777214.jpg\"><figure class=\"swiper-slide-inner\"><img decoding=\"async\" class=\"swiper-slide-image\" src=\"https:\/\/www.molonmachinery.com\/files\/elementor\/thumbs\/foto7-copia-e1513850777214-nj6zudjlpw9wq8zilcf62jiebftybpkfcxh07u1yps.jpg\" alt=\"mini\" \/><\/figure><\/a><\/div><div class=\"swiper-slide\" role=\"group\" aria-roledescription=\"slide\" aria-label=\"7 sur 8\"><a data-elementor-open-lightbox=\"yes\" data-elementor-lightbox-slideshow=\"1mxey7a\" data-elementor-lightbox-title=\"miky\" data-e-action-hash=\"#elementor-action%3Aaction%3Dlightbox%26settings%3DeyJpZCI6MzY4MCwidXJsIjoiaHR0cHM6XC9cL3d3dy5tb2xvbm1hY2hpbmVyeS5jb21cL2ZpbGVzXC8yMDE3XC8xMFwvZm90bzguanBnIiwic2xpZGVzaG93IjoiMW14ZXk3YSJ9\" href=\"https:\/\/www.molonmachinery.com\/files\/2017\/10\/foto8.jpg\"><figure class=\"swiper-slide-inner\"><img decoding=\"async\" class=\"swiper-slide-image\" src=\"https:\/\/www.molonmachinery.com\/files\/elementor\/thumbs\/foto8-ng588hcilxxxc0ijs35gpbqmfkvwcol5pq5grr93b4.jpg\" alt=\"miky\" \/><\/figure><\/a><\/div><div class=\"swiper-slide\" role=\"group\" aria-roledescription=\"slide\" aria-label=\"8 sur 8\"><a data-elementor-open-lightbox=\"yes\" data-elementor-lightbox-slideshow=\"1mxey7a\" data-elementor-lightbox-title=\"scopatrice\" data-e-action-hash=\"#elementor-action%3Aaction%3Dlightbox%26settings%3DeyJpZCI6MzY3NCwidXJsIjoiaHR0cHM6XC9cL3d3dy5tb2xvbm1hY2hpbmVyeS5jb21cL2ZpbGVzXC8yMDE3XC8xMFwvMjAxNzAyMjQxMTA3XzAwMDEuanBnIiwic2xpZGVzaG93IjoiMW14ZXk3YSJ9\" href=\"https:\/\/www.molonmachinery.com\/files\/2017\/10\/201702241107_0001.jpg\"><figure class=\"swiper-slide-inner\"><img decoding=\"async\" class=\"swiper-slide-image\" src=\"https:\/\/www.molonmachinery.com\/files\/elementor\/thumbs\/201702241107_0001-ng587swpo90gy5i1qsl5whwmzk8csjw4yd6uak9bsw.jpg\" alt=\"scopatrice\" \/><\/figure><\/a><\/div>\t\t\t<\/div>\n\t\t\t\t\t\t\t\t\t\t\t\t<div class=\"elementor-swiper-button elementor-swiper-button-prev\" role=\"button\" tabindex=\"0\">\n\t\t\t\t\t\t<svg aria-hidden=\"true\" class=\"e-font-icon-svg e-eicon-chevron-left\" viewBox=\"0 0 1000 1000\" xmlns=\"http:\/\/www.w3.org\/2000\/svg\"><path d=\"M646 125C629 125 613 133 604 142L308 442C296 454 292 471 292 487 292 504 296 521 308 533L604 854C617 867 629 875 646 875 663 875 679 871 692 858 704 846 713 829 713 812 713 796 708 779 692 767L438 487 692 225C700 217 708 204 708 187 708 171 704 154 692 142 675 129 663 125 646 125Z\"><\/path><\/svg>\t\t\t\t\t<\/div>\n\t\t\t\t\t<div class=\"elementor-swiper-button elementor-swiper-button-next\" role=\"button\" tabindex=\"0\">\n\t\t\t\t\t\t<svg aria-hidden=\"true\" class=\"e-font-icon-svg e-eicon-chevron-right\" viewBox=\"0 0 1000 1000\" xmlns=\"http:\/\/www.w3.org\/2000\/svg\"><path d=\"M696 533C708 521 713 504 713 487 713 471 708 454 696 446L400 146C388 133 375 125 354 125 338 125 325 129 313 142 300 154 292 171 292 187 292 204 296 221 308 233L563 492 304 771C292 783 288 800 288 817 288 833 296 850 308 863 321 871 338 875 354 875 371 875 388 867 400 854L696 533Z\"><\/path><\/svg>\t\t\t\t\t<\/div>\n\t\t\t\t\n\t\t\t\t\t\t\t\t\t<div class=\"swiper-pagination\"><\/div>\n\t\t\t\t\t\t\t\t\t<\/div>\n\t\t\t\t\t\t<\/div>\n\t\t\t\t<\/div>\n\t\t\t\t\t<\/div>\n\t\t<\/div>\n\t\t\t\t\t<\/div>\n\t\t<\/section>\n\t\t\t\t<section class=\"elementor-section elementor-top-section elementor-element elementor-element-73nt3yf elementor-section-full_width elementor-section-height-default elementor-section-height-default\" data-id=\"73nt3yf\" data-element_type=\"section\" data-e-type=\"section\">\n\t\t\t\t\t\t<div class=\"elementor-container elementor-column-gap-default\">\n\t\t\t\t\t<div class=\"elementor-column elementor-col-100 elementor-top-column elementor-element elementor-element-jp46pk4\" data-id=\"jp46pk4\" data-element_type=\"column\" data-e-type=\"column\">\n\t\t\t<div class=\"elementor-widget-wrap elementor-element-populated\">\n\t\t\t\t\t\t<div class=\"elementor-element elementor-element-avgprzb elementor-widget elementor-widget-text-editor\" data-id=\"avgprzb\" data-element_type=\"widget\" data-e-type=\"widget\" data-widget_type=\"text-editor.default\">\n\t\t\t\t<div class=\"elementor-widget-container\">\n\t\t\t\t\t\t\t\t\t<p>Le vieux \u00e9tablissement n\u2019\u00e9tait point suffisant et donc l\u2019agrandissement a \u00e9t\u00e9 n\u00e9cessaire jusqu\u2019aux environs 3.000 m\u00e8tres carr\u00e9s actuels de surface couverte.<br \/>\n<strong>Enio et Bruno Molon<\/strong>, fils du fondateur, ont commenc\u00e9 \u00e0 collaborer avec le p\u00e8re d\u00e8s leur jeunesse et ils dirigent l\u2019entreprise depuis longtemps.<\/p>\n<p>La qualit\u00e9 de nos produits est bien connue en Italie et \u00e0 l\u2019\u00e9tranger et nos machines sont export\u00e9es dans le monde entier.<\/p>\n<p>&nbsp;<\/p>\n\t\t\t\t\t\t\t\t<\/div>\n\t\t\t\t<\/div>\n\t\t\t\t<div class=\"elementor-element elementor-element-3c1f0f1 elementor-widget elementor-widget-video\" data-id=\"3c1f0f1\" data-element_type=\"widget\" data-e-type=\"widget\" data-settings=\"{&quot;youtube_url&quot;:&quot;https:\\\/\\\/www.youtube.com\\\/watch?v=a1Avb8Tu2uE&quot;,&quot;video_type&quot;:&quot;youtube&quot;,&quot;controls&quot;:&quot;yes&quot;}\" data-widget_type=\"video.default\">\n\t\t\t\t<div class=\"elementor-widget-container\">\n\t\t\t\t\t\t\t<div class=\"elementor-wrapper elementor-open-inline\">\n\t\t\t<div class=\"elementor-video\"><\/div>\t\t<\/div>\n\t\t\t\t\t\t<\/div>\n\t\t\t\t<\/div>\n\t\t\t\t<div class=\"elementor-element elementor-element-3932390 elementor-widget elementor-widget-spacer\" data-id=\"3932390\" data-element_type=\"widget\" data-e-type=\"widget\" data-widget_type=\"spacer.default\">\n\t\t\t\t<div class=\"elementor-widget-container\">\n\t\t\t\t\t\t\t<div class=\"elementor-spacer\">\n\t\t\t<div class=\"elementor-spacer-inner\"><\/div>\n\t\t<\/div>\n\t\t\t\t\t\t<\/div>\n\t\t\t\t<\/div>\n\t\t\t\t\t<\/div>\n\t\t<\/div>\n\t\t\t\t\t<\/div>\n\t\t<\/section>\n\t\t\t\t<section class=\"elementor-section elementor-top-section elementor-element elementor-element-kazwblw elementor-section-full_width elementor-section-height-default elementor-section-height-default\" data-id=\"kazwblw\" data-element_type=\"section\" data-e-type=\"section\">\n\t\t\t\t\t\t<div class=\"elementor-container elementor-column-gap-default\">\n\t\t\t\t\t<div class=\"elementor-column elementor-col-100 elementor-top-column elementor-element elementor-element-faed1j0\" data-id=\"faed1j0\" data-element_type=\"column\" data-e-type=\"column\">\n\t\t\t<div class=\"elementor-widget-wrap elementor-element-populated\">\n\t\t\t\t\t\t\t<\/div>\n\t\t<\/div>\n\t\t\t\t\t<\/div>\n\t\t<\/section>\n\t\t\t\t<\/div>\n\t\t","protected":false},"excerpt":{"rendered":"<p>Molon Giovanni Snc est une entreprise en V\u00e9n\u00e9tie (nord-est d&rsquo;Italie) qui produit machines agricoles depuis plus de cinquante ans. BREVE HISTOIREEn 1936 Giovanni Molon, fondateur de l\u2019entreprise, a commenc\u00e9 son activit\u00e9 de forgeron et il s\u2019est occup\u00e9 aussi de la r\u00e9paration des machines agricoles.Fort de l\u2019exp\u00e9rience qu\u2019il a acquis, il a d\u00e9cid\u00e9 de construire lui-m\u00eame &#8230; <a title=\"Entreprise\" class=\"read-more\" href=\"https:\/\/www.molonmachinery.com\/fr\/entreprise\/\" aria-label=\"En savoir plus sur Entreprise\">Read more<\/a><\/p>\n","protected":false},"author":52,"featured_media":0,"parent":0,"menu_order":0,"comment_status":"closed","ping_status":"closed","template":"","meta":{"generate_page_header":"","footnotes":""},"class_list":["post-1423","page","type-page","status-publish"],"_links":{"self":[{"href":"https:\/\/www.molonmachinery.com\/fr\/wp-json\/wp\/v2\/pages\/1423","targetHints":{"allow":["GET"]}}],"collection":[{"href":"https:\/\/www.molonmachinery.com\/fr\/wp-json\/wp\/v2\/pages"}],"about":[{"href":"https:\/\/www.molonmachinery.com\/fr\/wp-json\/wp\/v2\/types\/page"}],"author":[{"embeddable":true,"href":"https:\/\/www.molonmachinery.com\/fr\/wp-json\/wp\/v2\/users\/52"}],"replies":[{"embeddable":true,"href":"https:\/\/www.molonmachinery.com\/fr\/wp-json\/wp\/v2\/comments?post=1423"}],"version-history":[{"count":0,"href":"https:\/\/www.molonmachinery.com\/fr\/wp-json\/wp\/v2\/pages\/1423\/revisions"}],"wp:attachment":[{"href":"https:\/\/www.molonmachinery.com\/fr\/wp-json\/wp\/v2\/media?parent=1423"}],"curies":[{"name":"wp","href":"https:\/\/api.w.org\/{rel}","templated":true}]}}