{"id":1498,"date":"2018-01-26T09:37:49","date_gmt":"2018-01-26T08:37:49","guid":{"rendered":"http:\/\/www.molonmachinery.com\/uber-uns\/"},"modified":"2022-10-18T09:17:36","modified_gmt":"2022-10-18T07:17:36","slug":"uber-uns","status":"publish","type":"page","link":"https:\/\/www.molonmachinery.com\/de\/uber-uns\/","title":{"rendered":"Unser Betrieb"},"content":{"rendered":"\t\t<div data-elementor-type=\"wp-post\" data-elementor-id=\"1498\" class=\"elementor elementor-1498 elementor-87\" data-elementor-post-type=\"page\">\n\t\t\t\t\t\t<section class=\"elementor-section elementor-top-section elementor-element elementor-element-vlcyejc elementor-section-full_width elementor-section-height-default elementor-section-height-default\" data-id=\"vlcyejc\" data-element_type=\"section\" data-e-type=\"section\">\n\t\t\t\t\t\t<div class=\"elementor-container elementor-column-gap-default\">\n\t\t\t\t\t<div class=\"elementor-column elementor-col-100 elementor-top-column elementor-element elementor-element-wrytsog\" data-id=\"wrytsog\" data-element_type=\"column\" data-e-type=\"column\">\n\t\t\t<div class=\"elementor-widget-wrap elementor-element-populated\">\n\t\t\t\t\t\t<div class=\"elementor-element elementor-element-xumbium elementor-widget elementor-widget-text-editor\" data-id=\"xumbium\" data-element_type=\"widget\" data-e-type=\"widget\" data-widget_type=\"text-editor.default\">\n\t\t\t\t<div class=\"elementor-widget-container\">\n\t\t\t\t\t\t\t\t\t<p><strong>Molon Giovanni Snc ist eine Firma in Venetien (Nordost-Italien), die seit \u00fcber 50 Jahren Landmaschinen baut.<\/strong><\/p>\n<p><strong>KURZE GESCHICHTE<\/strong><br \/>\n1936 begann <strong>Giovanni Molon<\/strong>, der Gr\u00fcnder unseres Betriebs, seine T\u00e4tigkeit als Schmied und er besch\u00e4ftigte sich auch mit Landmaschinenreparatur.<br \/>\nNachdem er eine gute Erfahrung gemacht hatte, kam er zur Entscheidung, selbst Landmaschinen zu bauen: 1952 stellte er die ersten Heurechen f\u00fcr Zugtiere her.<br \/>\nIm Laufe der Jahre folgten neue Modelle einander.<br \/>\n1961 kamen die Forken-Heuwender noch f\u00fcr Zugtiere dazu. Aber die Landmechanisierung machte immer gr\u00f6\u00dfere Fortschritte und die Maschinen sollten auf maschinellen Antrieb umgestellt werden.<br \/>\n1967 wurden die ersten Bandrechen hergestellt, die erst an Motorm\u00e4hern und dann an Traktoren angebaut wurden.<br \/>\nNachher sind die Kreiselheuer mit den originellen Anschl\u00fcsse an Motorm\u00e4hern f\u00fcr das Bergland hinzugekommen.<br \/>\nUm die besonderen Erfordernisse einiger Land- und Viehzuchtsektoren zu befriedigen, sind die Kehrmaschinen mit der gleichen sorgf\u00e4ltigen Konstruktionstechnik wie die Bandrechen eingestellt worden: sie erlauben ihre Benutzung f\u00fcr die Reinigung oder die Sammlung von Haseln\u00fcsse, Oliven, usw.<\/p>\n\t\t\t\t\t\t\t\t<\/div>\n\t\t\t\t<\/div>\n\t\t\t\t<div class=\"elementor-element elementor-element-1mxey7a elementor-arrows-position-inside elementor-pagination-position-outside elementor-widget elementor-widget-image-carousel\" data-id=\"1mxey7a\" data-element_type=\"widget\" data-e-type=\"widget\" data-settings=\"{&quot;navigation&quot;:&quot;both&quot;,&quot;autoplay&quot;:&quot;yes&quot;,&quot;pause_on_hover&quot;:&quot;yes&quot;,&quot;pause_on_interaction&quot;:&quot;yes&quot;,&quot;autoplay_speed&quot;:5000,&quot;infinite&quot;:&quot;yes&quot;,&quot;speed&quot;:500}\" data-widget_type=\"image-carousel.default\">\n\t\t\t\t<div class=\"elementor-widget-container\">\n\t\t\t\t\t\t\t<div class=\"elementor-image-carousel-wrapper swiper\" role=\"region\" aria-roledescription=\"carousel\" aria-label=\"Bild Karussell\" dir=\"ltr\">\n\t\t\t<div class=\"elementor-image-carousel swiper-wrapper\" aria-live=\"off\">\n\t\t\t\t\t\t\t\t<div class=\"swiper-slide\" role=\"group\" aria-roledescription=\"slide\" aria-label=\"1 von 8\"><a data-elementor-open-lightbox=\"yes\" data-elementor-lightbox-slideshow=\"1mxey7a\" data-elementor-lightbox-title=\"voltafieno forche\" data-e-action-hash=\"#elementor-action%3Aaction%3Dlightbox%26settings%3DeyJpZCI6MzY4NywidXJsIjoiaHR0cHM6XC9cL3d3dy5tb2xvbm1hY2hpbmVyeS5jb21cL2ZpbGVzXC8yMDE3XC8xMFwvZm90bzUtZTE1MTM4NTA4NDI3NjguanBnIiwic2xpZGVzaG93IjoiMW14ZXk3YSJ9\" href=\"https:\/\/www.molonmachinery.com\/files\/2017\/10\/foto5-e1513850842768.jpg\"><figure class=\"swiper-slide-inner\"><img decoding=\"async\" class=\"swiper-slide-image\" src=\"https:\/\/www.molonmachinery.com\/files\/elementor\/thumbs\/foto5-e1513850842768-nj6zw2n424ljowiroktx2m3cxhgt81az9bvketjdhc.jpg\" alt=\"voltafieno forche\" \/><\/figure><\/a><\/div><div class=\"swiper-slide\" role=\"group\" aria-roledescription=\"slide\" aria-label=\"2 von 8\"><a data-elementor-open-lightbox=\"yes\" data-elementor-lightbox-slideshow=\"1mxey7a\" data-elementor-lightbox-title=\"rastrello\" data-e-action-hash=\"#elementor-action%3Aaction%3Dlightbox%26settings%3DeyJpZCI6MzY4NiwidXJsIjoiaHR0cHM6XC9cL3d3dy5tb2xvbm1hY2hpbmVyeS5jb21cL2ZpbGVzXC8yMDE3XC8xMFwvZm90bzQuanBnIiwic2xpZGVzaG93IjoiMW14ZXk3YSJ9\" href=\"https:\/\/www.molonmachinery.com\/files\/2017\/10\/foto4.jpg\"><figure class=\"swiper-slide-inner\"><img decoding=\"async\" class=\"swiper-slide-image\" src=\"https:\/\/www.molonmachinery.com\/files\/elementor\/thumbs\/foto4-ng58854m53h7530arfvbawtmpkk4km8nc1o5j5r7k0.jpg\" alt=\"rastrello\" \/><\/figure><\/a><\/div><div class=\"swiper-slide\" role=\"group\" aria-roledescription=\"slide\" aria-label=\"3 von 8\"><a data-elementor-open-lightbox=\"yes\" data-elementor-lightbox-slideshow=\"1mxey7a\" data-elementor-lightbox-title=\"ranghinatore trattore\" data-e-action-hash=\"#elementor-action%3Aaction%3Dlightbox%26settings%3DeyJpZCI6MzY4OCwidXJsIjoiaHR0cHM6XC9cL3d3dy5tb2xvbm1hY2hpbmVyeS5jb21cL2ZpbGVzXC8yMDE3XC8xMFwvZm90bzYtY29waWEuanBnIiwic2xpZGVzaG93IjoiMW14ZXk3YSJ9\" href=\"https:\/\/www.molonmachinery.com\/files\/2017\/10\/foto6-copia.jpg\"><figure class=\"swiper-slide-inner\"><img decoding=\"async\" class=\"swiper-slide-image\" src=\"https:\/\/www.molonmachinery.com\/files\/elementor\/thumbs\/foto6-copia-ng588arna3ox2qs3uib2pvee9vsbusv1ctl2etiuio.jpg\" alt=\"ranghinatore trattore\" \/><\/figure><\/a><\/div><div class=\"swiper-slide\" role=\"group\" aria-roledescription=\"slide\" aria-label=\"4 von 8\"><a data-elementor-open-lightbox=\"yes\" data-elementor-lightbox-slideshow=\"1mxey7a\" data-elementor-lightbox-title=\"boy_gr\" data-e-action-hash=\"#elementor-action%3Aaction%3Dlightbox%26settings%3DeyJpZCI6IjIzNCIsInVybCI6Imh0dHBzOlwvXC93d3cubW9sb25tYWNoaW5lcnkuY29tXC9maWxlc1wvMjAxN1wvMTBcL2JveV9nci5qcGciLCJzbGlkZXNob3ciOiIxbXhleTdhIn0%3D\" href=\"https:\/\/www.molonmachinery.com\/files\/2017\/10\/boy_gr.jpg\"><figure class=\"swiper-slide-inner\"><img decoding=\"async\" class=\"swiper-slide-image\" src=\"https:\/\/www.molonmachinery.com\/files\/elementor\/thumbs\/boy_gr-ngdyb3d9e1uagj143xkpyn427u1ayo1vw9avv4treo.jpg\" alt=\"boy_gr\" \/><\/figure><\/a><\/div><div class=\"swiper-slide\" role=\"group\" aria-roledescription=\"slide\" aria-label=\"5 von 8\"><a data-elementor-open-lightbox=\"yes\" data-elementor-lightbox-slideshow=\"1mxey7a\" data-elementor-lightbox-title=\"girello spandivoltafieno\" data-e-action-hash=\"#elementor-action%3Aaction%3Dlightbox%26settings%3DeyJpZCI6MzY4MywidXJsIjoiaHR0cHM6XC9cL3d3dy5tb2xvbm1hY2hpbmVyeS5jb21cL2ZpbGVzXC8yMDE3XC8xMFwvMjAxNzAyMjQxMTAwXzAwMDEuanBnIiwic2xpZGVzaG93IjoiMW14ZXk3YSJ9\" href=\"https:\/\/www.molonmachinery.com\/files\/2017\/10\/201702241100_0001.jpg\"><figure class=\"swiper-slide-inner\"><img decoding=\"async\" class=\"swiper-slide-image\" src=\"https:\/\/www.molonmachinery.com\/files\/elementor\/thumbs\/201702241100_0001-ng587mbucergovrlt7qrx1ketv4sao60lgmfxmj30g.jpg\" alt=\"girello spandivoltafieno\" \/><\/figure><\/a><\/div><div class=\"swiper-slide\" role=\"group\" aria-roledescription=\"slide\" aria-label=\"6 von 8\"><a data-elementor-open-lightbox=\"yes\" data-elementor-lightbox-slideshow=\"1mxey7a\" data-elementor-lightbox-title=\"mini\" data-e-action-hash=\"#elementor-action%3Aaction%3Dlightbox%26settings%3DeyJpZCI6MzY4OSwidXJsIjoiaHR0cHM6XC9cL3d3dy5tb2xvbm1hY2hpbmVyeS5jb21cL2ZpbGVzXC8yMDE3XC8xMFwvZm90bzctY29waWEtZTE1MTM4NTA3NzcyMTQuanBnIiwic2xpZGVzaG93IjoiMW14ZXk3YSJ9\" href=\"https:\/\/www.molonmachinery.com\/files\/2017\/10\/foto7-copia-e1513850777214.jpg\"><figure class=\"swiper-slide-inner\"><img decoding=\"async\" class=\"swiper-slide-image\" src=\"https:\/\/www.molonmachinery.com\/files\/elementor\/thumbs\/foto7-copia-e1513850777214-nj6zudjlpw9wq8zilcf62jiebftybpkfcxh07u1yps.jpg\" alt=\"mini\" \/><\/figure><\/a><\/div><div class=\"swiper-slide\" role=\"group\" aria-roledescription=\"slide\" aria-label=\"7 von 8\"><a data-elementor-open-lightbox=\"yes\" data-elementor-lightbox-slideshow=\"1mxey7a\" data-elementor-lightbox-title=\"miky\" data-e-action-hash=\"#elementor-action%3Aaction%3Dlightbox%26settings%3DeyJpZCI6MzY5MCwidXJsIjoiaHR0cHM6XC9cL3d3dy5tb2xvbm1hY2hpbmVyeS5jb21cL2ZpbGVzXC8yMDE3XC8xMFwvZm90bzguanBnIiwic2xpZGVzaG93IjoiMW14ZXk3YSJ9\" href=\"https:\/\/www.molonmachinery.com\/files\/2017\/10\/foto8.jpg\"><figure class=\"swiper-slide-inner\"><img decoding=\"async\" class=\"swiper-slide-image\" src=\"https:\/\/www.molonmachinery.com\/files\/elementor\/thumbs\/foto8-ng588hcilxxxc0ijs35gpbqmfkvwcol5pq5grr93b4.jpg\" alt=\"miky\" \/><\/figure><\/a><\/div><div class=\"swiper-slide\" role=\"group\" aria-roledescription=\"slide\" aria-label=\"8 von 8\"><a data-elementor-open-lightbox=\"yes\" data-elementor-lightbox-slideshow=\"1mxey7a\" data-elementor-lightbox-title=\"scopatrice\" data-e-action-hash=\"#elementor-action%3Aaction%3Dlightbox%26settings%3DeyJpZCI6MzY4NCwidXJsIjoiaHR0cHM6XC9cL3d3dy5tb2xvbm1hY2hpbmVyeS5jb21cL2ZpbGVzXC8yMDE3XC8xMFwvMjAxNzAyMjQxMTA3XzAwMDEuanBnIiwic2xpZGVzaG93IjoiMW14ZXk3YSJ9\" href=\"https:\/\/www.molonmachinery.com\/files\/2017\/10\/201702241107_0001.jpg\"><figure class=\"swiper-slide-inner\"><img decoding=\"async\" class=\"swiper-slide-image\" src=\"https:\/\/www.molonmachinery.com\/files\/elementor\/thumbs\/201702241107_0001-ng587swpo90gy5i1qsl5whwmzk8csjw4yd6uak9bsw.jpg\" alt=\"scopatrice\" \/><\/figure><\/a><\/div>\t\t\t<\/div>\n\t\t\t\t\t\t\t\t\t\t\t\t<div class=\"elementor-swiper-button elementor-swiper-button-prev\" role=\"button\" tabindex=\"0\">\n\t\t\t\t\t\t<svg aria-hidden=\"true\" class=\"e-font-icon-svg e-eicon-chevron-left\" viewBox=\"0 0 1000 1000\" xmlns=\"http:\/\/www.w3.org\/2000\/svg\"><path d=\"M646 125C629 125 613 133 604 142L308 442C296 454 292 471 292 487 292 504 296 521 308 533L604 854C617 867 629 875 646 875 663 875 679 871 692 858 704 846 713 829 713 812 713 796 708 779 692 767L438 487 692 225C700 217 708 204 708 187 708 171 704 154 692 142 675 129 663 125 646 125Z\"><\/path><\/svg>\t\t\t\t\t<\/div>\n\t\t\t\t\t<div class=\"elementor-swiper-button elementor-swiper-button-next\" role=\"button\" tabindex=\"0\">\n\t\t\t\t\t\t<svg aria-hidden=\"true\" class=\"e-font-icon-svg e-eicon-chevron-right\" viewBox=\"0 0 1000 1000\" xmlns=\"http:\/\/www.w3.org\/2000\/svg\"><path d=\"M696 533C708 521 713 504 713 487 713 471 708 454 696 446L400 146C388 133 375 125 354 125 338 125 325 129 313 142 300 154 292 171 292 187 292 204 296 221 308 233L563 492 304 771C292 783 288 800 288 817 288 833 296 850 308 863 321 871 338 875 354 875 371 875 388 867 400 854L696 533Z\"><\/path><\/svg>\t\t\t\t\t<\/div>\n\t\t\t\t\n\t\t\t\t\t\t\t\t\t<div class=\"swiper-pagination\"><\/div>\n\t\t\t\t\t\t\t\t\t<\/div>\n\t\t\t\t\t\t<\/div>\n\t\t\t\t<\/div>\n\t\t\t\t\t<\/div>\n\t\t<\/div>\n\t\t\t\t\t<\/div>\n\t\t<\/section>\n\t\t\t\t<section class=\"elementor-section elementor-top-section elementor-element elementor-element-73nt3yf elementor-section-full_width elementor-section-height-default elementor-section-height-default\" data-id=\"73nt3yf\" data-element_type=\"section\" data-e-type=\"section\">\n\t\t\t\t\t\t<div class=\"elementor-container elementor-column-gap-default\">\n\t\t\t\t\t<div class=\"elementor-column elementor-col-100 elementor-top-column elementor-element elementor-element-jp46pk4\" data-id=\"jp46pk4\" data-element_type=\"column\" data-e-type=\"column\">\n\t\t\t<div class=\"elementor-widget-wrap elementor-element-populated\">\n\t\t\t\t\t\t<div class=\"elementor-element elementor-element-avgprzb elementor-widget elementor-widget-text-editor\" data-id=\"avgprzb\" data-element_type=\"widget\" data-e-type=\"widget\" data-widget_type=\"text-editor.default\">\n\t\t\t\t<div class=\"elementor-widget-container\">\n\t\t\t\t\t\t\t\t\t<p>Gleichzeitig mit der Produktionssteigerung und der Herstellung neuer Maschinen hat auch eine Vergr\u00f6\u00dferung des Firmengeb\u00e4udes bis zur aktuellen etwa 3000 Quadratmeter \u00fcberdachten Fl\u00e4che stattgefunden.<br \/>\n<strong>Enio und Bruno Molon<\/strong>, Giovannis S\u00f6hne, haben von Jugend an den Vater unterst\u00fctzt und leiten die Firma schon seit viel Jahren.<br \/>\nDie Qualit\u00e4t unseren Produkten ist in Italien und im Ausland sehr bekannt und unsere Maschinen werden weltweit exportiert.<\/p>\n\t\t\t\t\t\t\t\t<\/div>\n\t\t\t\t<\/div>\n\t\t\t\t<div class=\"elementor-element elementor-element-370baf9 elementor-widget elementor-widget-video\" data-id=\"370baf9\" data-element_type=\"widget\" data-e-type=\"widget\" data-settings=\"{&quot;youtube_url&quot;:&quot;https:\\\/\\\/www.youtube.com\\\/watch?v=a1Avb8Tu2uE&quot;,&quot;video_type&quot;:&quot;youtube&quot;,&quot;controls&quot;:&quot;yes&quot;}\" data-widget_type=\"video.default\">\n\t\t\t\t<div class=\"elementor-widget-container\">\n\t\t\t\t\t\t\t<div class=\"elementor-wrapper elementor-open-inline\">\n\t\t\t<div class=\"elementor-video\"><\/div>\t\t<\/div>\n\t\t\t\t\t\t<\/div>\n\t\t\t\t<\/div>\n\t\t\t\t<div class=\"elementor-element elementor-element-530b7bb elementor-widget elementor-widget-spacer\" data-id=\"530b7bb\" data-element_type=\"widget\" data-e-type=\"widget\" data-widget_type=\"spacer.default\">\n\t\t\t\t<div class=\"elementor-widget-container\">\n\t\t\t\t\t\t\t<div class=\"elementor-spacer\">\n\t\t\t<div class=\"elementor-spacer-inner\"><\/div>\n\t\t<\/div>\n\t\t\t\t\t\t<\/div>\n\t\t\t\t<\/div>\n\t\t\t\t\t<\/div>\n\t\t<\/div>\n\t\t\t\t\t<\/div>\n\t\t<\/section>\n\t\t\t\t<section class=\"elementor-section elementor-top-section elementor-element elementor-element-kazwblw elementor-section-full_width elementor-section-height-default elementor-section-height-default\" data-id=\"kazwblw\" data-element_type=\"section\" data-e-type=\"section\">\n\t\t\t\t\t\t<div class=\"elementor-container elementor-column-gap-default\">\n\t\t\t\t\t<div class=\"elementor-column elementor-col-100 elementor-top-column elementor-element elementor-element-faed1j0\" data-id=\"faed1j0\" data-element_type=\"column\" data-e-type=\"column\">\n\t\t\t<div class=\"elementor-widget-wrap elementor-element-populated\">\n\t\t\t\t\t\t\t<\/div>\n\t\t<\/div>\n\t\t\t\t\t<\/div>\n\t\t<\/section>\n\t\t\t\t<\/div>\n\t\t","protected":false},"excerpt":{"rendered":"<p>Molon Giovanni Snc ist eine Firma in Venetien (Nordost-Italien), die seit \u00fcber 50 Jahren Landmaschinen baut. KURZE GESCHICHTE 1936 begann Giovanni Molon, der Gr\u00fcnder unseres Betriebs, seine T\u00e4tigkeit als Schmied und er besch\u00e4ftigte sich auch mit Landmaschinenreparatur. Nachdem er eine gute Erfahrung gemacht hatte, kam er zur Entscheidung, selbst Landmaschinen zu bauen: 1952 stellte er &#8230; <a title=\"Unser Betrieb\" class=\"read-more\" href=\"https:\/\/www.molonmachinery.com\/de\/uber-uns\/\" aria-label=\"Mehr Informationen \u00fcber Unser Betrieb\">Read more<\/a><\/p>\n","protected":false},"author":52,"featured_media":0,"parent":0,"menu_order":0,"comment_status":"closed","ping_status":"closed","template":"","meta":{"generate_page_header":"","footnotes":""},"class_list":["post-1498","page","type-page","status-publish"],"_links":{"self":[{"href":"https:\/\/www.molonmachinery.com\/de\/wp-json\/wp\/v2\/pages\/1498","targetHints":{"allow":["GET"]}}],"collection":[{"href":"https:\/\/www.molonmachinery.com\/de\/wp-json\/wp\/v2\/pages"}],"about":[{"href":"https:\/\/www.molonmachinery.com\/de\/wp-json\/wp\/v2\/types\/page"}],"author":[{"embeddable":true,"href":"https:\/\/www.molonmachinery.com\/de\/wp-json\/wp\/v2\/users\/52"}],"replies":[{"embeddable":true,"href":"https:\/\/www.molonmachinery.com\/de\/wp-json\/wp\/v2\/comments?post=1498"}],"version-history":[{"count":0,"href":"https:\/\/www.molonmachinery.com\/de\/wp-json\/wp\/v2\/pages\/1498\/revisions"}],"wp:attachment":[{"href":"https:\/\/www.molonmachinery.com\/de\/wp-json\/wp\/v2\/media?parent=1498"}],"curies":[{"name":"wp","href":"https:\/\/api.w.org\/{rel}","templated":true}]}}